{"id":158,"date":"2018-05-17T10:54:58","date_gmt":"2018-05-17T10:54:58","guid":{"rendered":"http:\/\/philippmaubach.com\/?page_id=158"},"modified":"2018-07-03T13:23:08","modified_gmt":"2018-07-03T13:23:08","slug":"impressum","status":"publish","type":"page","link":"https:\/\/philippmaubach.com\/index.php\/impressum\/","title":{"rendered":"PRIVACY"},"content":{"rendered":"<div id=\"main-region\" class=\"nocustomphonegrid\">\n<div id=\"grid\" class=\"grid\">\n<div class=\"row one-col-row\">\n<div class=\"row-inner\">\n<div class=\"column-wrap\">\n<div id=\"\" class=\" col push-0 span-12 align-bottom\" data-type=\"text\">\n<div>\n<div class=\"text lay-textformat-parent \">\n<h2>1. AN OVERVIEW OF DATA PROTECTION<\/h2>\n<h3>GENERAL<\/h3>\n<p>THE FOLLOWING GIVES A SIMPLE OVERVIEW OF WHAT HAPPENS TO YOUR PERSONAL INFORMATION WHEN YOU VISIT OUR WEBSITE. PERSONAL INFORMATION IS ANY DATA WITH WHICH YOU COULD BE PERSONALLY IDENTIFIED. DETAILED INFORMATION ON THE SUBJECT OF DATA PROTECTION CAN BE FOUND IN OUR PRIVACY POLICY FOUND BELOW.<\/p>\n<h3>DATA COLLECTION ON OUR WEBSITE<\/h3>\n<p><strong>WHO IS RESPONSIBLE FOR THE DATA COLLECTION ON THIS WEBSITE?<\/strong><\/p>\n<p>THE DATA COLLECTED ON THIS WEBSITE ARE PROCESSED BY THE WEBSITE OPERATOR. THE OPERATOR\u2019S CONTACT DETAILS CAN BE FOUND IN THE WEBSITE\u2019S REQUIRED LEGAL NOTICE.<\/p>\n<p><strong>HOW DO WE COLLECT YOUR DATA?<\/strong><\/p>\n<p>SOME DATA ARE COLLECTED WHEN YOU PROVIDE IT TO US. THIS COULD, FOR EXAMPLE, BE DATA YOU ENTER ON A CONTACT FORM.<\/p>\n<p>OTHER DATA ARE COLLECTED AUTOMATICALLY BY OUR IT SYSTEMS WHEN YOU VISIT THE WEBSITE. THESE DATA ARE PRIMARILY TECHNICAL DATA SUCH AS THE BROWSER AND OPERATING SYSTEM YOU ARE USING OR WHEN YOU ACCESSED THE PAGE. THESE DATA ARE COLLECTED AUTOMATICALLY AS SOON AS YOU ENTER OUR WEBSITE.<\/p>\n<p><strong>WHAT DO WE USE YOUR DATA FOR?<\/strong><\/p>\n<p>PART OF THE DATA IS COLLECTED TO ENSURE THE PROPER FUNCTIONING OF THE WEBSITE. OTHER DATA CAN BE USED TO ANALYZE HOW VISITORS USE THE SITE.<\/p>\n<p><strong>WHAT RIGHTS DO YOU HAVE REGARDING YOUR DATA?<\/strong><\/p>\n<p>YOU ALWAYS HAVE THE RIGHT TO REQUEST INFORMATION ABOUT YOUR STORED DATA, ITS ORIGIN, ITS RECIPIENTS, AND THE PURPOSE OF ITS COLLECTION AT NO CHARGE. YOU ALSO HAVE THE RIGHT TO REQUEST THAT IT BE CORRECTED, BLOCKED, OR DELETED. YOU CAN CONTACT US AT ANY TIME USING THE ADDRESS GIVEN IN THE LEGAL NOTICE IF YOU HAVE FURTHER QUESTIONS ABOUT THE ISSUE OF PRIVACY AND DATA PROTECTION. YOU MAY ALSO, OF COURSE, FILE A COMPLAINT WITH THE COMPETENT REGULATORY AUTHORITIES.<\/p>\n<h2>2. GENERAL INFORMATION AND MANDATORY INFORMATION<\/h2>\n<h3>DATA PROTECTION<\/h3>\n<p>THE OPERATORS OF THIS WEBSITE TAKE THE PROTECTION OF YOUR PERSONAL DATA VERY SERIOUSLY. WE TREAT YOUR PERSONAL DATA AS CONFIDENTIAL AND IN ACCORDANCE WITH THE STATUTORY DATA PROTECTION REGULATIONS AND THIS PRIVACY POLICY.<\/p>\n<p>IF YOU USE THIS WEBSITE, VARIOUS PIECES OF PERSONAL DATA WILL BE COLLECTED. PERSONAL INFORMATION IS ANY DATA WITH WHICH YOU COULD BE PERSONALLY IDENTIFIED. THIS PRIVACY POLICY EXPLAINS WHAT INFORMATION WE COLLECT AND WHAT WE USE IT FOR. IT ALSO EXPLAINS HOW AND FOR WHAT PURPOSE THIS HAPPENS.<\/p>\n<p>PLEASE NOTE THAT DATA TRANSMITTED VIA THE INTERNET (E.G. VIA EMAIL COMMUNICATION) MAY BE SUBJECT TO SECURITY BREACHES. COMPLETE PROTECTION OF YOUR DATA FROM THIRD-PARTY ACCESS IS NOT POSSIBLE.<\/p>\n<h3>NOTICE CONCERNING THE PARTY RESPONSIBLE FOR THIS WEBSITE<\/h3>\n<p>THE PARTY RESPONSIBLE FOR PROCESSING DATA ON THIS WEBSITE IS:<\/p>\n<p>Philipp Maubach<br \/>\nChristinenstrasse 14<br \/>\n10119 Berlin<\/p>\n<p>Phone: +49 176 63173476<br \/>\nMail: mail@philippmaubach.com<\/p>\n<div id=\"\" class=\" col push-0 span-12 align-bottom\" data-type=\"text\">\n<div>\n<div class=\"text lay-textformat-parent \">\nTHE RESPONSIBLE PARTY IS THE NATURAL OR LEGAL PERSON WHO ALONE OR JOINTLY WITH OTHERS DECIDES ON THE PURPOSES AND MEANS OF PROCESSING PERSONAL DATA (NAMES, EMAIL ADDRESSES, ETC.).<\/p>\n<h3>REVOCATION OF YOUR CONSENT TO THE PROCESSING OF YOUR DATA<\/h3>\n<p>MANY DATA PROCESSING OPERATIONS ARE ONLY POSSIBLE WITH YOUR EXPRESS CONSENT. YOU MAY REVOKE YOUR CONSENT AT ANY TIME WITH FUTURE EFFECT. AN INFORMAL EMAIL MAKING THIS REQUEST IS SUFFICIENT. THE DATA PROCESSED BEFORE WE RECEIVE YOUR REQUEST MAY STILL BE LEGALLY PROCESSED.<\/p>\n<h3>RIGHT TO FILE COMPLAINTS WITH REGULATORY AUTHORITIES<\/h3>\n<p>IF THERE HAS BEEN A BREACH OF DATA PROTECTION LEGISLATION, THE PERSON AFFECTED MAY FILE A COMPLAINT WITH THE COMPETENT REGULATORY AUTHORITIES. THE COMPETENT REGULATORY AUTHORITY FOR MATTERS RELATED TO DATA PROTECTION LEGISLATION IS THE DATA PROTECTION OFFICER OF THE GERMAN STATE IN WHICH OUR COMPANY IS HEADQUARTERED. A LIST OF DATA PROTECTION OFFICERS AND THEIR CONTACT DETAILS CAN BE FOUND AT THE FOLLOWING LINK:&nbsp;<a href=\"https:\/\/www.bfdi.bund.de\/DE\/Infothek\/Anschriften_Links\/anschriften_links-node.html\" target=\"_blank\" rel=\"noopener\">HTTPS:\/\/WWW.BFDI.BUND.DE\/DE\/INFOTHEK\/ANSCHRIFTEN_LINKS\/ANSCHRIFTEN_LINKS-NODE.HTML<\/a>.<\/p>\n<h3>RIGHT TO DATA PORTABILITY<\/h3>\n<p>YOU HAVE THE RIGHT TO HAVE DATA WHICH WE PROCESS BASED ON YOUR CONSENT OR IN FULFILLMENT OF A CONTRACT AUTOMATICALLY DELIVERED TO YOURSELF OR TO A THIRD PARTY IN A STANDARD, MACHINE-READABLE FORMAT. IF YOU REQUIRE THE DIRECT TRANSFER OF DATA TO ANOTHER RESPONSIBLE PARTY, THIS WILL ONLY BE DONE TO THE EXTENT TECHNICALLY FEASIBLE.<\/p>\n<h3>SSL OR TLS ENCRYPTION<\/h3>\n<p>THIS SITE USES SSL OR TLS ENCRYPTION FOR SECURITY REASONS AND FOR THE PROTECTION OF THE TRANSMISSION OF CONFIDENTIAL CONTENT, SUCH AS THE INQUIRIES YOU SEND TO US AS THE SITE OPERATOR. YOU CAN RECOGNIZE AN ENCRYPTED CONNECTION IN YOUR BROWSER\u2019S ADDRESS LINE WHEN IT CHANGES FROM \u201cHTTP:\/\/\u201d TO \u201cHTTPS:\/\/\u201d AND THE LOCK ICON IS DISPLAYED IN YOUR BROWSER\u2019S ADDRESS BAR.<\/p>\n<p>IF SSL OR TLS ENCRYPTION IS ACTIVATED, THE DATA YOU TRANSFER TO US CANNOT BE READ BY THIRD PARTIES.<\/p>\n<h3>INFORMATION, BLOCKING, DELETION<\/h3>\n<p>AS PERMITTED BY LAW, YOU HAVE THE RIGHT TO BE PROVIDED AT ANY TIME WITH INFORMATION FREE OF CHARGE ABOUT ANY OF YOUR PERSONAL DATA THAT IS STORED AS WELL AS ITS ORIGIN, THE RECIPIENT AND THE PURPOSE FOR WHICH IT HAS BEEN PROCESSED. YOU ALSO HAVE THE RIGHT TO HAVE THIS DATA CORRECTED, BLOCKED OR DELETED. YOU CAN CONTACT US AT ANY TIME USING THE ADDRESS GIVEN IN OUR LEGAL NOTICE IF YOU HAVE FURTHER QUESTIONS ON THE TOPIC OF PERSONAL DATA.<\/p>\n<h3>OPPOSITION TO PROMOTIONAL EMAILS<\/h3>\n<p>WE HEREBY EXPRESSLY PROHIBIT THE USE OF CONTACT DATA PUBLISHED IN THE CONTEXT OF WEBSITE LEGAL NOTICE REQUIREMENTS WITH REGARD TO SENDING PROMOTIONAL AND INFORMATIONAL MATERIALS NOT EXPRESSLY REQUESTED. THE WEBSITE OPERATOR RESERVES THE RIGHT TO TAKE SPECIFIC LEGAL ACTION IF UNSOLICITED ADVERTISING MATERIAL, SUCH AS EMAIL SPAM, IS RECEIVED.<\/p>\n<h2>3. DATA COLLECTION ON OUR WEBSITE<\/h2>\n<h3>COOKIES<\/h3>\n<p>SOME OF OUR WEB PAGES USE COOKIES. COOKIES DO NOT HARM YOUR COMPUTER AND DO NOT CONTAIN ANY VIRUSES. COOKIES HELP MAKE OUR WEBSITE MORE USER-FRIENDLY, EFFICIENT, AND SECURE. COOKIES ARE SMALL TEXT FILES THAT ARE STORED ON YOUR COMPUTER AND SAVED BY YOUR BROWSER.<\/p>\n<p>MOST OF THE COOKIES WE USE ARE SO-CALLED \u201cSESSION COOKIES.\u201d THEY ARE AUTOMATICALLY DELETED AFTER YOUR VISIT. OTHER COOKIES REMAIN IN YOUR DEVICE\u2019S MEMORY UNTIL YOU DELETE THEM. THESE COOKIES MAKE IT POSSIBLE TO RECOGNIZE YOUR BROWSER WHEN YOU NEXT VISIT THE SITE.<\/p>\n<p>YOU CAN CONFIGURE YOUR BROWSER TO INFORM YOU ABOUT THE USE OF COOKIES SO THAT YOU CAN DECIDE ON A CASE-BY-CASE BASIS WHETHER TO ACCEPT OR REJECT A COOKIE. ALTERNATIVELY, YOUR BROWSER CAN BE CONFIGURED TO AUTOMATICALLY ACCEPT COOKIES UNDER CERTAIN CONDITIONS OR TO ALWAYS REJECT THEM, OR TO AUTOMATICALLY DELETE COOKIES WHEN CLOSING YOUR BROWSER. DISABLING COOKIES MAY LIMIT THE FUNCTIONALITY OF THIS WEBSITE.<\/p>\n<p>COOKIES WHICH ARE NECESSARY TO ALLOW ELECTRONIC COMMUNICATIONS OR TO PROVIDE CERTAIN FUNCTIONS YOU WISH TO USE (SUCH AS THE SHOPPING CART) ARE STORED PURSUANT TO ART. 6 PARAGRAPH 1, LETTER F OF DSGVO. THE WEBSITE OPERATOR HAS A LEGITIMATE INTEREST IN THE STORAGE OF COOKIES TO ENSURE AN OPTIMIZED SERVICE PROVIDED FREE OF TECHNICAL ERRORS. IF OTHER COOKIES (SUCH AS THOSE USED TO ANALYZE YOUR SURFING BEHAVIOR) ARE ALSO STORED, THEY WILL BE TREATED SEPARATELY IN THIS PRIVACY POLICY.<\/p>\n<h3>SERVER LOG FILES<\/h3>\n<p>THE WEBSITE PROVIDER AUTOMATICALLY COLLECTS AND STORES INFORMATION THAT YOUR BROWSER AUTOMATICALLY TRANSMITS TO US IN \u201cSERVER LOG FILES\u201d. THESE ARE:<\/p>\n<ul>\n<li>BROWSER TYPE AND BROWSER VERSION<\/li>\n<li>OPERATING SYSTEM USED<\/li>\n<li>REFERRER URL<\/li>\n<li>HOST NAME OF THE ACCESSING COMPUTER<\/li>\n<li>TIME OF THE SERVER REQUEST<\/li>\n<li>IP ADDRESS<\/li>\n<\/ul>\n<p>THESE DATA WILL NOT BE COMBINED WITH DATA FROM OTHER SOURCES.<\/p>\n<p>THE BASIS FOR DATA PROCESSING IS ART. 6 (1) (F) DSGVO, WHICH ALLOWS THE PROCESSING OF DATA TO FULFILL A CONTRACT OR FOR MEASURES PRELIMINARY TO A CONTRACT.<\/p>\n<h2>4. PLUGINS AND TOOLS<\/h2>\n<h3>VIMEO<\/h3>\n<p>OUR WEBSITE USES FEATURES PROVIDED BY THE VIMEO VIDEO PORTAL. THIS SERVICE IS PROVIDED BY VIMEO INC., 555 WEST 18TH STREET, NEW YORK, NEW YORK 10011, USA.<\/p>\n<p>IF YOU VISIT ONE OF OUR PAGES FEATURING A VIMEO PLUGIN, A CONNECTION TO THE VIMEO SERVERS IS ESTABLISHED. HERE THE VIMEO SERVER IS INFORMED ABOUT WHICH OF OUR PAGES YOU HAVE VISITED. IN ADDITION, VIMEO WILL RECEIVE YOUR IP ADDRESS. THIS ALSO APPLIES IF YOU ARE NOT LOGGED IN TO VIMEO WHEN YOU VISIT OUR WEBSITE OR DO NOT HAVE A VIMEO ACCOUNT. THE INFORMATION IS TRANSMITTED TO A VIMEO SERVER IN THE US, WHERE IT IS STORED.<\/p>\n<p>IF YOU ARE LOGGED IN TO YOUR VIMEO ACCOUNT, VIMEO ALLOWS YOU TO ASSOCIATE YOUR BROWSING BEHAVIOR DIRECTLY WITH YOUR PERSONAL PROFILE. YOU CAN PREVENT THIS BY LOGGING OUT OF YOUR VIMEO ACCOUNT.<\/p>\n<p>FOR MORE INFORMATION ON HOW TO HANDLE USER DATA, PLEASE REFER TO THE VIMEO PRIVACY POLICY AT&nbsp;<a href=\"https:\/\/vimeo.com\/privacy\" target=\"_blank\" rel=\"noopener\">HTTPS:\/\/VIMEO.COM\/PRIVACY<\/a>.<\/p>\n<p>DATENSCHUTZERKL\u00c4RUNG \u2013 DEUTSCH<\/p>\n<h2>1. DATENSCHUTZ AUF EINEN BLICK<\/h2>\n<h3>ALLGEMEINE HINWEISE<\/h3>\n<p>DIE FOLGENDEN HINWEISE GEBEN EINEN EINFACHEN \u00dcBERBLICK DAR\u00dcBER, WAS MIT IHREN PERSONENBEZOGENEN DATEN PASSIERT, WENN SIE UNSERE WEBSITE BESUCHEN. PERSONENBEZOGENE DATEN SIND ALLE DATEN, MIT DENEN SIE PERS\u00d6NLICH IDENTIFIZIERT WERDEN K\u00d6NNEN. AUSF\u00dcHRLICHE INFORMATIONEN ZUM THEMA DATENSCHUTZ ENTNEHMEN SIE UNSERER UNTER DIESEM TEXT AUFGEF\u00dcHRTEN DATENSCHUTZERKL\u00c4RUNG.<\/p>\n<h3>DATENERFASSUNG AUF UNSERER WEBSITE<\/h3>\n<p><strong>WER IST VERANTWORTLICH F\u00dcR DIE DATENERFASSUNG AUF DIESER WEBSITE?<\/strong><\/p>\n<p>DIE DATENVERARBEITUNG AUF DIESER WEBSITE ERFOLGT DURCH DEN WEBSITEBETREIBER. DESSEN KONTAKTDATEN K\u00d6NNEN SIE DEM IMPRESSUM DIESER WEBSITE ENTNEHMEN.<\/p>\n<p><strong>WIE ERFASSEN WIR IHRE DATEN?<\/strong><\/p>\n<p>IHRE DATEN WERDEN ZUM EINEN DADURCH ERHOBEN, DASS SIE UNS DIESE MITTEILEN. HIERBEI KANN ES SICH Z.B. UM DATEN HANDELN, DIE SIE IN EIN KONTAKTFORMULAR EINGEBEN.<\/p>\n<p>ANDERE DATEN WERDEN AUTOMATISCH BEIM BESUCH DER WEBSITE DURCH UNSERE IT-SYSTEME ERFASST. DAS SIND VOR ALLEM TECHNISCHE DATEN (Z.B. INTERNETBROWSER, BETRIEBSSYSTEM ODER UHRZEIT DES SEITENAUFRUFS). DIE ERFASSUNG DIESER DATEN ERFOLGT AUTOMATISCH, SOBALD SIE UNSERE WEBSITE BETRETEN.<\/p>\n<p><strong>WOF\u00dcR NUTZEN WIR IHRE DATEN?<\/strong><\/p>\n<p>EIN TEIL DER DATEN WIRD ERHOBEN, UM EINE FEHLERFREIE BEREITSTELLUNG DER WEBSITE ZU GEW\u00c4HRLEISTEN. ANDERE DATEN K\u00d6NNEN ZUR ANALYSE IHRES NUTZERVERHALTENS VERWENDET WERDEN.<\/p>\n<p><strong>WELCHE RECHTE HABEN SIE BEZ\u00dcGLICH IHRER DATEN?<\/strong><\/p>\n<p>SIE HABEN JEDERZEIT DAS RECHT UNENTGELTLICH AUSKUNFT \u00dcBER HERKUNFT, EMPF\u00c4NGER UND ZWECK IHRER GESPEICHERTEN PERSONENBEZOGENEN DATEN ZU ERHALTEN. SIE HABEN AUSSERDEM EIN RECHT, DIE BERICHTIGUNG, SPERRUNG ODER L\u00d6SCHUNG DIESER DATEN ZU VERLANGEN. HIERZU SOWIE ZU WEITEREN FRAGEN ZUM THEMA DATENSCHUTZ K\u00d6NNEN SIE SICH JEDERZEIT UNTER DER IM IMPRESSUM ANGEGEBENEN ADRESSE AN UNS WENDEN. DES WEITEREN STEHT IHNEN EIN BESCHWERDERECHT BEI DER ZUST\u00c4NDIGEN AUFSICHTSBEH\u00d6RDE ZU.<\/p>\n<h2>2. ALLGEMEINE HINWEISE UND PFLICHTINFORMATIONEN<\/h2>\n<h3>DATENSCHUTZ<\/h3>\n<p>DIE BETREIBER DIESER SEITEN NEHMEN DEN SCHUTZ IHRER PERS\u00d6NLICHEN DATEN SEHR ERNST. WIR BEHANDELN IHRE PERSONENBEZOGENEN DATEN VERTRAULICH UND ENTSPRECHEND DER GESETZLICHEN DATENSCHUTZVORSCHRIFTEN SOWIE DIESER DATENSCHUTZERKL\u00c4RUNG.<\/p>\n<p>WENN SIE DIESE WEBSITE BENUTZEN, WERDEN VERSCHIEDENE PERSONENBEZOGENE DATEN ERHOBEN. PERSONENBEZOGENE DATEN SIND DATEN, MIT DENEN SIE PERS\u00d6NLICH IDENTIFIZIERT WERDEN K\u00d6NNEN. DIE VORLIEGENDE DATENSCHUTZERKL\u00c4RUNG ERL\u00c4UTERT, WELCHE DATEN WIR ERHEBEN UND WOF\u00dcR WIR SIE NUTZEN. SIE ERL\u00c4UTERT AUCH, WIE UND ZU WELCHEM ZWECK DAS GESCHIEHT.<\/p>\n<p>WIR WEISEN DARAUF HIN, DASS DIE DATEN\u00dcBERTRAGUNG IM INTERNET (Z.B. BEI DER KOMMUNIKATION PER E-MAIL) SICHERHEITSL\u00dcCKEN AUFWEISEN KANN. EIN L\u00dcCKENLOSER SCHUTZ DER DATEN VOR DEM ZUGRIFF DURCH DRITTE IST NICHT M\u00d6GLICH.<\/p>\n<h3>HINWEIS ZUR VERANTWORTLICHEN STELLE<\/h3>\n<p>DIE VERANTWORTLICHE STELLE F\u00dcR DIE DATENVERARBEITUNG AUF DIESER WEBSITE IST:<\/p>\n<p>Philipp Maubach<br \/>\nChristinenstrasse 14<br \/>\n10119 Berlin<\/p>\n<p>Telefon: +49 176 63173476<br \/>\nMail: mail@philippmaubach.com<\/p>\n<p>VERANTWORTLICHE STELLE IST DIE NAT\u00dcRLICHE ODER JURISTISCHE PERSON, DIE ALLEIN ODER GEMEINSAM MIT ANDEREN \u00dcBER DIE ZWECKE UND MITTEL DER VERARBEITUNG VON PERSONENBEZOGENEN DATEN (Z.B. NAMEN, E-MAIL-ADRESSEN O. \u00c4.) ENTSCHEIDET.<\/p>\n<h3>WIDERRUF IHRER EINWILLIGUNG ZUR DATENVERARBEITUNG<\/h3>\n<p>VIELE DATENVERARBEITUNGSVORG\u00c4NGE SIND NUR MIT IHRER AUSDR\u00dcCKLICHEN EINWILLIGUNG M\u00d6GLICH. SIE K\u00d6NNEN EINE BEREITS ERTEILTE EINWILLIGUNG JEDERZEIT WIDERRUFEN. DAZU REICHT EINE FORMLOSE MITTEILUNG PER E-MAIL AN UNS. DIE RECHTM\u00c4SSIGKEIT DER BIS ZUM WIDERRUF ERFOLGTEN DATENVERARBEITUNG BLEIBT VOM WIDERRUF UNBER\u00dcHRT.<\/p>\n<h3>BESCHWERDERECHT BEI DER ZUST\u00c4NDIGEN AUFSICHTSBEH\u00d6RDE<\/h3>\n<p>IM FALLE DATENSCHUTZRECHTLICHER VERST\u00d6SSE STEHT DEM BETROFFENEN EIN BESCHWERDERECHT BEI DER ZUST\u00c4NDIGEN AUFSICHTSBEH\u00d6RDE ZU. ZUST\u00c4NDIGE AUFSICHTSBEH\u00d6RDE IN DATENSCHUTZRECHTLICHEN FRAGEN IST DER LANDESDATENSCHUTZBEAUFTRAGTE DES BUNDESLANDES, IN DEM UNSER UNTERNEHMEN SEINEN SITZ HAT. EINE LISTE DER DATENSCHUTZBEAUFTRAGTEN SOWIE DEREN KONTAKTDATEN K\u00d6NNEN FOLGENDEM LINK ENTNOMMEN WERDEN:&nbsp;<a href=\"https:\/\/www.bfdi.bund.de\/DE\/Infothek\/Anschriften_Links\/anschriften_links-node.html\" target=\"_blank\" rel=\"noopener\">HTTPS:\/\/WWW.BFDI.BUND.DE\/DE\/INFOTHEK\/ANSCHRIFTEN_LINKS\/ANSCHRIFTEN_LINKS-NODE.HTML<\/a>.<\/p>\n<h3>RECHT AUF DATEN\u00dcBERTRAGBARKEIT<\/h3>\n<p>SIE HABEN DAS RECHT, DATEN, DIE WIR AUF GRUNDLAGE IHRER EINWILLIGUNG ODER IN ERF\u00dcLLUNG EINES VERTRAGS AUTOMATISIERT VERARBEITEN, AN SICH ODER AN EINEN DRITTEN IN EINEM G\u00c4NGIGEN, MASCHINENLESBAREN FORMAT AUSH\u00c4NDIGEN ZU LASSEN. SOFERN SIE DIE DIREKTE \u00dcBERTRAGUNG DER DATEN AN EINEN ANDEREN VERANTWORTLICHEN VERLANGEN, ERFOLGT DIES NUR, SOWEIT ES TECHNISCH MACHBAR IST.<\/p>\n<h3>SSL- BZW. TLS-VERSCHL\u00dcSSELUNG<\/h3>\n<p>DIESE SEITE NUTZT AUS SICHERHEITSGR\u00dcNDEN UND ZUM SCHUTZ DER \u00dcBERTRAGUNG VERTRAULICHER INHALTE, WIE ZUM BEISPIEL BESTELLUNGEN ODER ANFRAGEN, DIE SIE AN UNS ALS SEITENBETREIBER SENDEN, EINE SSL-BZW. TLS-VERSCHL\u00dcSSELUNG. EINE VERSCHL\u00dcSSELTE VERBINDUNG ERKENNEN SIE DARAN, DASS DIE ADRESSZEILE DES BROWSERS VON \u201cHTTP:\/\/\u201d AUF \u201cHTTPS:\/\/\u201d WECHSELT UND AN DEM SCHLOSS-SYMBOL IN IHRER BROWSERZEILE.<\/p>\n<p>WENN DIE SSL- BZW. TLS-VERSCHL\u00dcSSELUNG AKTIVIERT IST, K\u00d6NNEN DIE DATEN, DIE SIE AN UNS \u00dcBERMITTELN, NICHT VON DRITTEN MITGELESEN WERDEN.<\/p>\n<h3>AUSKUNFT, SPERRUNG, L\u00d6SCHUNG<\/h3>\n<p>SIE HABEN IM RAHMEN DER GELTENDEN GESETZLICHEN BESTIMMUNGEN JEDERZEIT DAS RECHT AUF UNENTGELTLICHE AUSKUNFT \u00dcBER IHRE GESPEICHERTEN PERSONENBEZOGENEN DATEN, DEREN HERKUNFT UND EMPF\u00c4NGER UND DEN ZWECK DER DATENVERARBEITUNG UND GGF. EIN RECHT AUF BERICHTIGUNG, SPERRUNG ODER L\u00d6SCHUNG DIESER DATEN. HIERZU SOWIE ZU WEITEREN FRAGEN ZUM THEMA PERSONENBEZOGENE DATEN K\u00d6NNEN SIE SICH JEDERZEIT UNTER DER IM IMPRESSUM ANGEGEBENEN ADRESSE AN UNS WENDEN.<\/p>\n<h3>WIDERSPRUCH GEGEN WERBE-MAILS<\/h3>\n<p>DER NUTZUNG VON IM RAHMEN DER IMPRESSUMSPFLICHT VER\u00d6FFENTLICHTEN KONTAKTDATEN ZUR \u00dcBERSENDUNG VON NICHT AUSDR\u00dcCKLICH ANGEFORDERTER WERBUNG UND INFORMATIONSMATERIALIEN WIRD HIERMIT WIDERSPROCHEN. DIE BETREIBER DER SEITEN BEHALTEN SICH AUSDR\u00dcCKLICH RECHTLICHE SCHRITTE IM FALLE DER UNVERLANGTEN ZUSENDUNG VON WERBEINFORMATIONEN, ETWA DURCH SPAM-E-MAILS, VOR.<\/p>\n<h2>3. DATENERFASSUNG AUF UNSERER WEBSITE<\/h2>\n<h3>COOKIES<\/h3>\n<p>DIE INTERNETSEITEN VERWENDEN TEILWEISE SO GENANNTE COOKIES. COOKIES RICHTEN AUF IHREM RECHNER KEINEN SCHADEN AN UND ENTHALTEN KEINE VIREN. COOKIES DIENEN DAZU, UNSER ANGEBOT NUTZERFREUNDLICHER, EFFEKTIVER UND SICHERER ZU MACHEN. COOKIES SIND KLEINE TEXTDATEIEN, DIE AUF IHREM RECHNER ABGELEGT WERDEN UND DIE IHR BROWSER SPEICHERT.<\/p>\n<p>DIE MEISTEN DER VON UNS VERWENDETEN COOKIES SIND SO GENANNTE \u201cSESSION-COOKIES\u201d. SIE WERDEN NACH ENDE IHRES BESUCHS AUTOMATISCH GEL\u00d6SCHT. ANDERE COOKIES BLEIBEN AUF IHREM ENDGER\u00c4T GESPEICHERT BIS SIE DIESE L\u00d6SCHEN. DIESE COOKIES ERM\u00d6GLICHEN ES UNS, IHREN BROWSER BEIM N\u00c4CHSTEN BESUCH WIEDERZUERKENNEN.<\/p>\n<p>SIE K\u00d6NNEN IHREN BROWSER SO EINSTELLEN, DASS SIE \u00dcBER DAS SETZEN VON COOKIES INFORMIERT WERDEN UND COOKIES NUR IM EINZELFALL ERLAUBEN, DIE ANNAHME VON COOKIES F\u00dcR BESTIMMTE F\u00c4LLE ODER GENERELL AUSSCHLIESSEN SOWIE DAS AUTOMATISCHE L\u00d6SCHEN DER COOKIES BEIM SCHLIESSEN DES BROWSER AKTIVIEREN. BEI DER DEAKTIVIERUNG VON COOKIES KANN DIE FUNKTIONALIT\u00c4T DIESER WEBSITE EINGESCHR\u00c4NKT SEIN<\/p>\n<p>COOKIES, DIE ZUR DURCHF\u00dcHRUNG DES ELEKTRONISCHEN KOMMUNIKATIONSVORGANGS ODER ZUR BEREITSTELLUNG BESTIMMTER, VON IHNEN ERW\u00dcNSCHTER FUNKTIONEN (Z.B. WARENKORBFUNKTION) ERFORDERLICH SIND, WERDEN AUF GRUNDLAGE VON ART. 6 ABS. 1 LIT. F DSGVO GESPEICHERT. DER WEBSITEBETREIBER HAT EIN BERECHTIGTES INTERESSE AN DER SPEICHERUNG VON COOKIES ZUR TECHNISCH FEHLERFREIEN UND OPTIMIERTEN BEREITSTELLUNG SEINER DIENSTE. SOWEIT ANDERE COOKIES (Z.B. COOKIES ZUR ANALYSE IHRES SURFVERHALTENS) GESPEICHERT WERDEN, WERDEN DIESE IN DIESER DATENSCHUTZERKL\u00c4RUNG GESONDERT BEHANDELT.<\/p>\n<h3>SERVER-LOG-DATEIEN<\/h3>\n<p>DER PROVIDER DER SEITEN ERHEBT UND SPEICHERT AUTOMATISCH INFORMATIONEN IN SO GENANNTEN SERVER-LOG-DATEIEN, DIE IHR BROWSER AUTOMATISCH AN UNS \u00dcBERMITTELT. DIES SIND:<\/p>\n<ul>\n<li>BROWSERTYP UND BROWSERVERSION<\/li>\n<li>VERWENDETES BETRIEBSSYSTEM<\/li>\n<li>REFERRER URL<\/li>\n<li>HOSTNAME DES ZUGREIFENDEN RECHNERS<\/li>\n<li>UHRZEIT DER SERVERANFRAGE<\/li>\n<li>IP-ADRESSE<\/li>\n<\/ul>\n<p>EINE ZUSAMMENF\u00dcHRUNG DIESER DATEN MIT ANDEREN DATENQUELLEN WIRD NICHT VORGENOMMEN.<\/p>\n<p>GRUNDLAGE F\u00dcR DIE DATENVERARBEITUNG IST ART. 6 ABS. 1 LIT. F DSGVO, DER DIE VERARBEITUNG VON DATEN ZUR ERF\u00dcLLUNG EINES VERTRAGS ODER VORVERTRAGLICHER MASSNAHMEN GESTATTET.<\/p>\n<h2>4. PLUGINS UND TOOLS<\/h2>\n<h3>VIMEO<\/h3>\n<p>UNSERE WEBSITE NUTZT PLUGINS DES VIDEOPORTALS VIMEO. ANBIETER IST DIE VIMEO INC., 555 WEST 18TH STREET, NEW YORK, NEW YORK 10011, USA.<\/p>\n<p>WENN SIE EINE UNSERER MIT EINEM VIMEO-PLUGIN AUSGESTATTETEN SEITEN BESUCHEN, WIRD EINE VERBINDUNG ZU DEN SERVERN VON VIMEO HERGESTELLT. DABEI WIRD DEM VIMEO-SERVER MITGETEILT, WELCHE UNSERER SEITEN SIE BESUCHT HABEN. ZUDEM ERLANGT VIMEO IHRE IP-ADRESSE. DIES GILT AUCH DANN, WENN SIE NICHT BEI VIMEO EINGELOGGT SIND ODER KEINEN ACCOUNT BEI VIMEO BESITZEN. DIE VON VIMEO ERFASSTEN INFORMATIONEN WERDEN AN DEN VIMEO-SERVER IN DEN USA \u00dcBERMITTELT.<\/p>\n<p>WENN SIE IN IHREM VIMEO-ACCOUNT EINGELOGGT SIND, ERM\u00d6GLICHEN SIE VIMEO, IHR SURFVERHALTEN DIREKT IHREM PERS\u00d6NLICHEN PROFIL ZUZUORDNEN. DIES K\u00d6NNEN SIE VERHINDERN, INDEM SIE SICH AUS IHREM VIMEO-ACCOUNT AUSLOGGEN.<\/p>\n<p>WEITERE INFORMATIONEN ZUM UMGANG MIT NUTZERDATEN FINDEN SIE IN DER DATENSCHUTZERKL\u00c4RUNG VON VIMEO UNTER:&nbsp;<a href=\"https:\/\/vimeo.com\/privacy\" target=\"_blank\" rel=\"noopener\">HTTPS:\/\/VIMEO.COM\/PRIVACY<\/a>.<\/p>\n<\/div>\n<\/div>\n<\/div>\n<\/div>\n<\/div>\n<\/div>\n<\/div>\n<\/div>\n","protected":false},"excerpt":{"rendered":"<p>1. AN OVERVIEW OF DATA PROTECTION GENERAL THE FOLLOWING GIVES A SIMPLE OVERVIEW OF WHAT HAPPENS TO YOUR PERSONAL INFORMATION WHEN YOU VISIT OUR WEBSITE. PERSONAL INFORMATION IS ANY DATA WITH WHICH YOU COULD BE PERSONALLY IDENTIFIED. DETAILED INFORMATION ON THE SUBJECT OF DATA PROTECTION CAN BE FOUND IN OUR PRIVACY POLICY FOUND BELOW. DATA &hellip; <\/p>\n<p class=\"link-more\"><a href=\"https:\/\/philippmaubach.com\/index.php\/impressum\/\" class=\"more-link\">Continue reading<span class=\"screen-reader-text\"> &#8222;PRIVACY&#8220;<\/span><\/a><\/p>\n","protected":false},"author":1,"featured_media":0,"parent":0,"menu_order":0,"comment_status":"closed","ping_status":"closed","template":"","meta":{"footnotes":""},"class_list":["post-158","page","type-page","status-publish","hentry","no-thumbnail"],"_links":{"self":[{"href":"https:\/\/philippmaubach.com\/index.php\/wp-json\/wp\/v2\/pages\/158"}],"collection":[{"href":"https:\/\/philippmaubach.com\/index.php\/wp-json\/wp\/v2\/pages"}],"about":[{"href":"https:\/\/philippmaubach.com\/index.php\/wp-json\/wp\/v2\/types\/page"}],"author":[{"embeddable":true,"href":"https:\/\/philippmaubach.com\/index.php\/wp-json\/wp\/v2\/users\/1"}],"replies":[{"embeddable":true,"href":"https:\/\/philippmaubach.com\/index.php\/wp-json\/wp\/v2\/comments?post=158"}],"version-history":[{"count":0,"href":"https:\/\/philippmaubach.com\/index.php\/wp-json\/wp\/v2\/pages\/158\/revisions"}],"wp:attachment":[{"href":"https:\/\/philippmaubach.com\/index.php\/wp-json\/wp\/v2\/media?parent=158"}],"curies":[{"name":"wp","href":"https:\/\/api.w.org\/{rel}","templated":true}]}}